{"id":21,"date":"2016-08-28T14:45:55","date_gmt":"2016-08-28T12:45:55","guid":{"rendered":"http:\/\/electronicfuchs.com\/?page_id=21"},"modified":"2021-09-24T14:58:41","modified_gmt":"2021-09-24T12:58:41","slug":"entwicklung","status":"publish","type":"page","link":"https:\/\/electronicfuchs.com\/index.php\/entwicklung\/","title":{"rendered":"Entwicklung"},"content":{"rendered":"<div class=\"ssc-postcontent clearfix\">\n<div class=\"ssc-article\">\n<p style=\"text-align: center;\">Wir machen Hardware- &amp; Softwareentwicklung f\u00fcr Prototypen und Serienfertigung in SMD, bedrahtet oder auch Mischbest\u00fcckung.<br \/>\nDie bleifreie SMD Leiterplattenbest\u00fcckung wird mit eigenem Best\u00fcckungsautomat bei uns im Haus gemacht.<\/p>\n<p style=\"text-align: center;\">F\u00fcr ihre individuell entwickelte Steuerung gibt es keine Grenzen, von analogen oder digitalen Ein- und Ausg\u00e4ngen \u00fcber die Ausgabe auf TFT oder LC-Displays bis hin zur Eingabe \u00fcber Drehencoder oder Touchpanel.<br \/>\nEbenso sind Schnittstellen wie USB, Seriell oder auch Bussysteme wie Ethernet, I2C und CAN m\u00f6glich.<\/p>\n<p style=\"text-align: center;\"><img loading=\"lazy\" decoding=\"async\" class=\"alignnone size-full wp-image-46\" src=\"https:\/\/electronicfuchs.com\/wp-content\/uploads\/2016\/08\/TFuchs_08_transparent_neu.png\" alt=\"TFuchs_08_transparent_neu\" width=\"500\" height=\"400\" srcset=\"https:\/\/electronicfuchs.com\/wp-content\/uploads\/2016\/08\/TFuchs_08_transparent_neu.png 500w, https:\/\/electronicfuchs.com\/wp-content\/uploads\/2016\/08\/TFuchs_08_transparent_neu-300x240.png 300w\" sizes=\"(max-width: 500px) 100vw, 500px\" \/><\/p>\n<\/div>\n<\/div>\n","protected":false},"excerpt":{"rendered":"<p>Wir machen Hardware- &amp; Softwareentwicklung f\u00fcr Prototypen und Serienfertigung in SMD, bedrahtet oder auch Mischbest\u00fcckung. Die bleifreie SMD Leiterplattenbest\u00fcckung wird mit eigenem Best\u00fcckungsautomat bei uns im Haus gemacht. F\u00fcr ihre individuell entwickelte Steuerung gibt es keine Grenzen, von analogen oder digitalen Ein- und Ausg\u00e4ngen \u00fcber die Ausgabe auf TFT oder &hellip;<\/p>\n","protected":false},"author":1,"featured_media":0,"parent":0,"menu_order":0,"comment_status":"closed","ping_status":"closed","template":"","meta":{"footnotes":""},"_links":{"self":[{"href":"https:\/\/electronicfuchs.com\/index.php\/wp-json\/wp\/v2\/pages\/21"}],"collection":[{"href":"https:\/\/electronicfuchs.com\/index.php\/wp-json\/wp\/v2\/pages"}],"about":[{"href":"https:\/\/electronicfuchs.com\/index.php\/wp-json\/wp\/v2\/types\/page"}],"author":[{"embeddable":true,"href":"https:\/\/electronicfuchs.com\/index.php\/wp-json\/wp\/v2\/users\/1"}],"replies":[{"embeddable":true,"href":"https:\/\/electronicfuchs.com\/index.php\/wp-json\/wp\/v2\/comments?post=21"}],"version-history":[{"count":3,"href":"https:\/\/electronicfuchs.com\/index.php\/wp-json\/wp\/v2\/pages\/21\/revisions"}],"predecessor-version":[{"id":317,"href":"https:\/\/electronicfuchs.com\/index.php\/wp-json\/wp\/v2\/pages\/21\/revisions\/317"}],"wp:attachment":[{"href":"https:\/\/electronicfuchs.com\/index.php\/wp-json\/wp\/v2\/media?parent=21"}],"curies":[{"name":"wp","href":"https:\/\/api.w.org\/{rel}","templated":true}]}}